{"id":133,"date":"2024-02-10T23:29:21","date_gmt":"2024-02-10T21:29:21","guid":{"rendered":"https:\/\/staging.city\/framing\/"},"modified":"2024-05-06T17:02:05","modified_gmt":"2024-05-06T14:02:05","slug":"framing","status":"publish","type":"page","link":"https:\/\/staging.city\/fr\/framing\/","title":{"rendered":"Framing"},"content":{"rendered":"<p><strong><a href=\"https:\/\/theatrum-mundi.org\/\">Theatrum Mundi<\/a> <\/strong>est un centre de recherche ind\u00e9pendant dans le domaine de l&rsquo;urbanisme et de l&rsquo;architecture bas\u00e9 \u00e0 Londres et Paris. L\u2019organisme m\u00e8ne des recherches sur les grands enjeux urbains d\u2019aujourd\u2019hui selon une approche multidisciplinaire, en collaboration avec des architectes, des urbanistes, des artistes et des chor\u00e9graphes. Parmi ses activit\u00e9s, Theatrum Mundi organise des ateliers, des publications, des conf\u00e9rences, des expositions, des performances ainsi que des r\u00e9sidences de recherche. Theatrum Mundi est membre de la plateforme europ\u00e9enne d&rsquo;architecture <a href=\"https:\/\/lina.community\/\">LINA<\/a> (Learning, Interacting and Networking in Architecture).<\/p>\n<p>&nbsp;<\/p>\n<p><strong>Staging Ground<\/strong>\u00a0est r\u00e9sidence de recherche-cr\u00e9ation qui vise \u00e0 examiner les grands d\u00e9fis urbains d\u2019aujourd\u2019hui \u00e0 travers une approche pluridisciplinaire. Chaque ann\u00e9e, le programme accueille des\u00a0<a href=\"https:\/\/lina.community\/fellows\/\">boursiers du programme LINA<\/a>\u00a0et d\u2019autres participants \u00e0 mener des recherches sur place et \u00e0 d\u00e9velopper des projets cr\u00e9atifs li\u00e9s aux transformations urbaines majeures du Grand Paris. Le cycle de r\u00e9sidence 2023 \u00ab Actes de Travers\u00e9e \u00bb s\u2019est focalis\u00e9 sur la question de la mobilit\u00e9 urbaine dans le contexte du Boulevard P\u00e9riph\u00e9rique \u00e0 Paris. Les projets r\u00e9sultants ont pris la forme d\u2019un atelier participatif, d&rsquo;un essai vid\u00e9o et d&rsquo;une performance, soulignant comment la pens\u00e9e performative peut aider \u00e0 imaginer des transitions dans les cultures du mouvement urbain.<\/p>\n","protected":false},"excerpt":{"rendered":"Theatrum Mundi est un centre de recherche ind\u00e9pendant dans le domaine de l&rsquo;urbanisme et de l&rsquo;architecture bas\u00e9 \u00e0 Londres et Paris. L\u2019organisme m\u00e8ne des recherches [&hellip;]","protected":false},"author":1,"featured_media":0,"parent":0,"menu_order":0,"comment_status":"closed","ping_status":"closed","template":"tpl-columns2.php","meta":{"footnotes":""},"class_list":["post-133","page","type-page","status-publish","hentry"],"acf":[],"_links":{"self":[{"href":"https:\/\/staging.city\/fr\/wp-json\/wp\/v2\/pages\/133","targetHints":{"allow":["GET"]}}],"collection":[{"href":"https:\/\/staging.city\/fr\/wp-json\/wp\/v2\/pages"}],"about":[{"href":"https:\/\/staging.city\/fr\/wp-json\/wp\/v2\/types\/page"}],"author":[{"embeddable":true,"href":"https:\/\/staging.city\/fr\/wp-json\/wp\/v2\/users\/1"}],"replies":[{"embeddable":true,"href":"https:\/\/staging.city\/fr\/wp-json\/wp\/v2\/comments?post=133"}],"version-history":[{"count":1,"href":"https:\/\/staging.city\/fr\/wp-json\/wp\/v2\/pages\/133\/revisions"}],"predecessor-version":[{"id":143,"href":"https:\/\/staging.city\/fr\/wp-json\/wp\/v2\/pages\/133\/revisions\/143"}],"wp:attachment":[{"href":"https:\/\/staging.city\/fr\/wp-json\/wp\/v2\/media?parent=133"}],"curies":[{"name":"wp","href":"https:\/\/api.w.org\/{rel}","templated":true}]}}